{"id":1965,"date":"2020-05-20T14:43:16","date_gmt":"2020-05-20T14:43:16","guid":{"rendered":"https:\/\/cardellibros.com\/outdoor\/dragonfly\/"},"modified":"2023-10-04T09:46:48","modified_gmt":"2023-10-04T09:46:48","slug":"dragonfly","status":"publish","type":"page","link":"https:\/\/cardellibros.com\/fr\/outdoor\/dragonfly\/","title":{"rendered":"Dragonfly"},"content":{"rendered":"","protected":false},"excerpt":{"rendered":"","protected":false},"author":6,"featured_media":0,"parent":1939,"menu_order":0,"comment_status":"closed","ping_status":"closed","template":"","meta":{"footnotes":""},"yoast_head":"<!-- This site is optimized with the Yoast SEO plugin v21.3 - https:\/\/yoast.com\/wordpress\/plugins\/seo\/ -->\n<title>Dragonfly | Dehors con struttura portante in acciaio | Cardelli Bros.<\/title>\n<meta name=\"description\" content=\"Dragonfly \u00e8 pi\u00f9 di una tenda o un dehors. \u00c8 un nuovo modo di concepire lo spazio aperto, pensato per rendere pi\u00f9 semplice la vita di privati e attivit\u00e0\" \/>\n<meta name=\"robots\" content=\"index, follow, max-snippet:-1, max-image-preview:large, max-video-preview:-1\" \/>\n<link rel=\"canonical\" href=\"https:\/\/cardellibros.com\/fr\/outdoor\/dragonfly\/\" \/>\n<meta property=\"og:locale\" content=\"fr_FR\" \/>\n<meta property=\"og:type\" content=\"article\" \/>\n<meta property=\"og:title\" content=\"Dragonfly | Dehors con struttura portante in acciaio | Cardelli Bros.\" \/>\n<meta property=\"og:description\" content=\"Dragonfly \u00e8 pi\u00f9 di una tenda o un dehors. \u00c8 un nuovo modo di concepire lo spazio aperto, pensato per rendere pi\u00f9 semplice la vita di privati e attivit\u00e0\" \/>\n<meta property=\"og:url\" content=\"https:\/\/cardellibros.com\/fr\/outdoor\/dragonfly\/\" \/>\n<meta property=\"og:site_name\" content=\"Cardelli Bros\" \/>\n<meta property=\"article:publisher\" content=\"https:\/\/www.facebook.com\/cardellibros\/\" \/>\n<meta property=\"article:modified_time\" content=\"2023-10-04T09:46:48+00:00\" \/>\n<meta name=\"twitter:card\" content=\"summary_large_image\" \/>\n<script type=\"application\/ld+json\" class=\"yoast-schema-graph\">{\"@context\":\"https:\/\/schema.org\",\"@graph\":[{\"@type\":\"WebPage\",\"@id\":\"https:\/\/cardellibros.com\/fr\/outdoor\/dragonfly\/\",\"url\":\"https:\/\/cardellibros.com\/fr\/outdoor\/dragonfly\/\",\"name\":\"Dragonfly | Dehors con struttura portante in acciaio | Cardelli Bros.\",\"isPartOf\":{\"@id\":\"https:\/\/cardellibros.com\/#website\"},\"datePublished\":\"2020-05-20T14:43:16+00:00\",\"dateModified\":\"2023-10-04T09:46:48+00:00\",\"description\":\"Dragonfly \u00e8 pi\u00f9 di una tenda o un dehors. \u00c8 un nuovo modo di concepire lo spazio aperto, pensato per rendere pi\u00f9 semplice la vita di privati e attivit\u00e0\",\"breadcrumb\":{\"@id\":\"https:\/\/cardellibros.com\/fr\/outdoor\/dragonfly\/#breadcrumb\"},\"inLanguage\":\"fr-FR\",\"potentialAction\":[{\"@type\":\"ReadAction\",\"target\":[\"https:\/\/cardellibros.com\/fr\/outdoor\/dragonfly\/\"]}]},{\"@type\":\"BreadcrumbList\",\"@id\":\"https:\/\/cardellibros.com\/fr\/outdoor\/dragonfly\/#breadcrumb\",\"itemListElement\":[{\"@type\":\"ListItem\",\"position\":1,\"name\":\"Home\",\"item\":\"https:\/\/cardellibros.com\/fr\/\"},{\"@type\":\"ListItem\",\"position\":2,\"name\":\"Outdoor\",\"item\":\"https:\/\/cardellibros.com\/fr\/outdoor\/\"},{\"@type\":\"ListItem\",\"position\":3,\"name\":\"Dragonfly\"}]},{\"@type\":\"WebSite\",\"@id\":\"https:\/\/cardellibros.com\/#website\",\"url\":\"https:\/\/cardellibros.com\/\",\"name\":\"Cardelli Bros\",\"description\":\"Intelligent life forms\",\"potentialAction\":[{\"@type\":\"SearchAction\",\"target\":{\"@type\":\"EntryPoint\",\"urlTemplate\":\"https:\/\/cardellibros.com\/?s={search_term_string}\"},\"query-input\":\"required name=search_term_string\"}],\"inLanguage\":\"fr-FR\"}]}<\/script>\n<!-- \/ Yoast SEO plugin. -->","yoast_head_json":{"title":"Dragonfly | Dehors con struttura portante in acciaio | Cardelli Bros.","description":"Dragonfly \u00e8 pi\u00f9 di una tenda o un dehors. \u00c8 un nuovo modo di concepire lo spazio aperto, pensato per rendere pi\u00f9 semplice la vita di privati e attivit\u00e0","robots":{"index":"index","follow":"follow","max-snippet":"max-snippet:-1","max-image-preview":"max-image-preview:large","max-video-preview":"max-video-preview:-1"},"canonical":"https:\/\/cardellibros.com\/fr\/outdoor\/dragonfly\/","og_locale":"fr_FR","og_type":"article","og_title":"Dragonfly | Dehors con struttura portante in acciaio | Cardelli Bros.","og_description":"Dragonfly \u00e8 pi\u00f9 di una tenda o un dehors. \u00c8 un nuovo modo di concepire lo spazio aperto, pensato per rendere pi\u00f9 semplice la vita di privati e attivit\u00e0","og_url":"https:\/\/cardellibros.com\/fr\/outdoor\/dragonfly\/","og_site_name":"Cardelli Bros","article_publisher":"https:\/\/www.facebook.com\/cardellibros\/","article_modified_time":"2023-10-04T09:46:48+00:00","twitter_card":"summary_large_image","schema":{"@context":"https:\/\/schema.org","@graph":[{"@type":"WebPage","@id":"https:\/\/cardellibros.com\/fr\/outdoor\/dragonfly\/","url":"https:\/\/cardellibros.com\/fr\/outdoor\/dragonfly\/","name":"Dragonfly | Dehors con struttura portante in acciaio | Cardelli Bros.","isPartOf":{"@id":"https:\/\/cardellibros.com\/#website"},"datePublished":"2020-05-20T14:43:16+00:00","dateModified":"2023-10-04T09:46:48+00:00","description":"Dragonfly \u00e8 pi\u00f9 di una tenda o un dehors. \u00c8 un nuovo modo di concepire lo spazio aperto, pensato per rendere pi\u00f9 semplice la vita di privati e attivit\u00e0","breadcrumb":{"@id":"https:\/\/cardellibros.com\/fr\/outdoor\/dragonfly\/#breadcrumb"},"inLanguage":"fr-FR","potentialAction":[{"@type":"ReadAction","target":["https:\/\/cardellibros.com\/fr\/outdoor\/dragonfly\/"]}]},{"@type":"BreadcrumbList","@id":"https:\/\/cardellibros.com\/fr\/outdoor\/dragonfly\/#breadcrumb","itemListElement":[{"@type":"ListItem","position":1,"name":"Home","item":"https:\/\/cardellibros.com\/fr\/"},{"@type":"ListItem","position":2,"name":"Outdoor","item":"https:\/\/cardellibros.com\/fr\/outdoor\/"},{"@type":"ListItem","position":3,"name":"Dragonfly"}]},{"@type":"WebSite","@id":"https:\/\/cardellibros.com\/#website","url":"https:\/\/cardellibros.com\/","name":"Cardelli Bros","description":"Intelligent life forms","potentialAction":[{"@type":"SearchAction","target":{"@type":"EntryPoint","urlTemplate":"https:\/\/cardellibros.com\/?s={search_term_string}"},"query-input":"required name=search_term_string"}],"inLanguage":"fr-FR"}]}},"_links":{"self":[{"href":"https:\/\/cardellibros.com\/fr\/wp-json\/wp\/v2\/pages\/1965"}],"collection":[{"href":"https:\/\/cardellibros.com\/fr\/wp-json\/wp\/v2\/pages"}],"about":[{"href":"https:\/\/cardellibros.com\/fr\/wp-json\/wp\/v2\/types\/page"}],"author":[{"embeddable":true,"href":"https:\/\/cardellibros.com\/fr\/wp-json\/wp\/v2\/users\/6"}],"replies":[{"embeddable":true,"href":"https:\/\/cardellibros.com\/fr\/wp-json\/wp\/v2\/comments?post=1965"}],"version-history":[{"count":1,"href":"https:\/\/cardellibros.com\/fr\/wp-json\/wp\/v2\/pages\/1965\/revisions"}],"predecessor-version":[{"id":1966,"href":"https:\/\/cardellibros.com\/fr\/wp-json\/wp\/v2\/pages\/1965\/revisions\/1966"}],"up":[{"embeddable":true,"href":"https:\/\/cardellibros.com\/fr\/wp-json\/wp\/v2\/pages\/1939"}],"wp:attachment":[{"href":"https:\/\/cardellibros.com\/fr\/wp-json\/wp\/v2\/media?parent=1965"}],"curies":[{"name":"wp","href":"https:\/\/api.w.org\/{rel}","templated":true}]}}